{"id":131,"date":"2024-04-21T14:46:14","date_gmt":"2024-04-21T12:46:14","guid":{"rendered":"https:\/\/kerstinroes.de\/?page_id=131"},"modified":"2024-04-29T22:44:58","modified_gmt":"2024-04-29T20:44:58","slug":"kontakt","status":"publish","type":"page","link":"https:\/\/kerstinroes.de\/index.php\/kontakt\/","title":{"rendered":"Kontakt"},"content":{"rendered":"\n<div class=\"wp-block-group alignfull has-accent-background-color has-background has-global-padding is-layout-constrained wp-block-group-is-layout-constrained\" style=\"margin-top:0;margin-bottom:0;padding-top:var(--wp--preset--spacing--20);padding-right:var(--wp--preset--spacing--50);padding-bottom:var(--wp--preset--spacing--20);padding-left:var(--wp--preset--spacing--50)\">\n<div class=\"wp-block-columns alignwide are-vertically-aligned-top is-layout-flex wp-container-core-columns-layout-1 wp-block-columns-is-layout-flex\">\n<div class=\"wp-block-column is-vertically-aligned-top is-layout-flow wp-block-column-is-layout-flow\" style=\"flex-basis:100%\">\n<div class=\"wp-block-group has-global-padding is-layout-constrained wp-block-group-is-layout-constrained\" style=\"min-height:100%\">\n<p class=\"has-text-align-center has-medium-font-size\">Da ich \u00fcberwiegend in Therapiegespr\u00e4chen bin, k\u00f6nnen Sie mich am besten per E-Mail erreichen. Ich antworte in der Regel innerhalb von 24 Stunden per E-Mail oder telefonisch. Sie k\u00f6nnen nat\u00fcrlich auch telefonisch Kontakt mit mir aufnehmen. Leider kann ich Ihre Kontaktanfragen nicht immer direkt entgegennehmen. In dringenden F\u00e4llen oder in Notf\u00e4llen, wenden Sie sich bitte an Ihren Haus- oder Facharzt oder den \u00e4rztlichen Bereitschaftsdienst (Telefonnummer: 116 117).<\/p>\n\n\n\n<p class=\"has-text-align-center\">Die Praxis liegt zentral in der Innenstadt von Frankfurt, ganz in der N\u00e4he von Goetheplatz und Ro\u00dfmarkt: Kaiserstra\u00dfe 5a, 60311 Frankfurt.<\/p>\n<\/div>\n<\/div>\n<\/div>\n<\/div>\n\n\n\n<div class=\"wp-block-group alignfull has-accent-background-color has-background has-global-padding is-layout-constrained wp-block-group-is-layout-constrained\" style=\"margin-top:0;margin-bottom:0;padding-top:var(--wp--preset--spacing--20);padding-right:var(--wp--preset--spacing--50);padding-bottom:var(--wp--preset--spacing--20);padding-left:var(--wp--preset--spacing--50)\">\n<div class=\"wp-block-group alignwide has-global-padding is-layout-constrained wp-block-group-is-layout-constrained\">\n<div class=\"wp-block-columns alignwide is-layout-flex wp-container-core-columns-layout-2 wp-block-columns-is-layout-flex\">\n<div class=\"wp-block-column is-layout-flow wp-block-column-is-layout-flow\">\n<h4 class=\"wp-block-heading has-text-align-center\"><strong>U + S-Bahnen<\/strong><\/h4>\n<\/div>\n<\/div>\n<\/div>\n\n\n\n<p class=\"has-text-align-center\">Hauptwache (U + S), Willy-Brandt-Platz (U)<br>Von dort aus sind es f\u00fcnf Gehminuten zur Praxis.<\/p>\n<\/div>\n\n\n\n<div class=\"wp-block-group alignfull has-accent-background-color has-background has-global-padding is-layout-constrained wp-block-group-is-layout-constrained\" style=\"margin-top:0;margin-bottom:0;padding-top:var(--wp--preset--spacing--20);padding-right:var(--wp--preset--spacing--50);padding-bottom:var(--wp--preset--spacing--20);padding-left:var(--wp--preset--spacing--50)\">\n<div class=\"wp-block-group alignwide has-global-padding is-layout-constrained wp-block-group-is-layout-constrained\">\n<div class=\"wp-block-columns alignwide is-layout-flex wp-container-core-columns-layout-3 wp-block-columns-is-layout-flex\">\n<div class=\"wp-block-column is-layout-flow wp-block-column-is-layout-flow\">\n<h4 class=\"wp-block-heading has-text-align-center\"><strong>Parkh\u00e4user<\/strong><\/h4>\n<\/div>\n<\/div>\n<\/div>\n\n\n\n<p class=\"has-text-align-center\">Goetheplatz Einfahrt Ro\u00dfmarkt oder Junghofstra\u00dfe<br>Steigenberger, Bethmannstra\u00dfe gegen\u00fcber Eingang Frankfurter Hof<br>Von dort aus sind es drei bis f\u00fcnf Gehminuten zur Praxis.<\/p>\n<\/div>\n\n\n\n<div class=\"wp-block-group alignfull has-accent-background-color has-background has-global-padding is-layout-constrained wp-block-group-is-layout-constrained\" style=\"margin-top:0;margin-bottom:0;padding-top:var(--wp--preset--spacing--20);padding-right:var(--wp--preset--spacing--50);padding-bottom:var(--wp--preset--spacing--20);padding-left:var(--wp--preset--spacing--50)\">\n<figure class=\"wp-block-image alignwide size-full is-style-rounded\"><a href=\"https:\/\/maps.app.goo.gl\/pUG8ht9CuURQBtX76\"><img loading=\"lazy\" decoding=\"async\" width=\"1225\" height=\"476\" src=\"https:\/\/kerstinroes.de\/wp-content\/uploads\/2024\/04\/map.png\" alt=\"\" class=\"wp-image-375\" srcset=\"https:\/\/kerstinroes.de\/wp-content\/uploads\/2024\/04\/map.png 1225w, https:\/\/kerstinroes.de\/wp-content\/uploads\/2024\/04\/map-300x117.png 300w, https:\/\/kerstinroes.de\/wp-content\/uploads\/2024\/04\/map-1024x398.png 1024w, https:\/\/kerstinroes.de\/wp-content\/uploads\/2024\/04\/map-768x298.png 768w\" sizes=\"(max-width: 1225px) 100vw, 1225px\" \/><\/a><\/figure>\n<\/div>\n\n\n","protected":false},"excerpt":{"rendered":"<p>Da ich \u00fcberwiegend in Therapiegespr\u00e4chen bin, k\u00f6nnen Sie mich am besten per E-Mail erreichen. Ich antworte in der Regel innerhalb von 24 Stunden per E-Mail oder telefonisch. Sie k\u00f6nnen nat\u00fcrlich auch telefonisch Kontakt mit mir aufnehmen. Leider kann ich Ihre Kontaktanfragen nicht immer direkt entgegennehmen. In dringenden F\u00e4llen oder in Notf\u00e4llen, wenden Sie sich bitte [&hellip;]<\/p>\n","protected":false},"author":1,"featured_media":0,"parent":0,"menu_order":0,"comment_status":"closed","ping_status":"closed","template":"","meta":{"footnotes":""},"_links":{"self":[{"href":"https:\/\/kerstinroes.de\/index.php\/wp-json\/wp\/v2\/pages\/131"}],"collection":[{"href":"https:\/\/kerstinroes.de\/index.php\/wp-json\/wp\/v2\/pages"}],"about":[{"href":"https:\/\/kerstinroes.de\/index.php\/wp-json\/wp\/v2\/types\/page"}],"author":[{"embeddable":true,"href":"https:\/\/kerstinroes.de\/index.php\/wp-json\/wp\/v2\/users\/1"}],"replies":[{"embeddable":true,"href":"https:\/\/kerstinroes.de\/index.php\/wp-json\/wp\/v2\/comments?post=131"}],"version-history":[{"count":17,"href":"https:\/\/kerstinroes.de\/index.php\/wp-json\/wp\/v2\/pages\/131\/revisions"}],"predecessor-version":[{"id":378,"href":"https:\/\/kerstinroes.de\/index.php\/wp-json\/wp\/v2\/pages\/131\/revisions\/378"}],"wp:attachment":[{"href":"https:\/\/kerstinroes.de\/index.php\/wp-json\/wp\/v2\/media?parent=131"}],"curies":[{"name":"wp","href":"https:\/\/api.w.org\/{rel}","templated":true}]}}