{"id":353,"date":"2024-04-29T21:36:01","date_gmt":"2024-04-29T19:36:01","guid":{"rendered":"https:\/\/kerstinroes.de\/?page_id=353"},"modified":"2024-04-29T22:53:51","modified_gmt":"2024-04-29T20:53:51","slug":"kosten","status":"publish","type":"page","link":"https:\/\/kerstinroes.de\/index.php\/kosten\/","title":{"rendered":"Kosten"},"content":{"rendered":"\n<div class=\"wp-block-group alignfull has-global-padding is-layout-constrained wp-block-group-is-layout-constrained\" style=\"margin-top:0;margin-bottom:0;padding-top:var(--wp--preset--spacing--30);padding-right:var(--wp--preset--spacing--50);padding-bottom:var(--wp--preset--spacing--30);padding-left:var(--wp--preset--spacing--50)\">\n<div class=\"wp-block-group alignwide has-global-padding is-layout-constrained wp-container-core-group-layout-2 wp-block-group-is-layout-constrained\" style=\"padding-bottom:var(--wp--preset--spacing--10)\">\n<div class=\"wp-block-group is-vertical is-content-justification-center is-layout-flex wp-container-core-group-layout-1 wp-block-group-is-layout-flex\">\n<h4 class=\"wp-block-heading has-text-align-center is-style-default has-text-color has-link-color wp-elements-5d389719b36794f978063677c5b8c366\" style=\"color:#1d3011\">Gesetzliche Krankenversicherung<\/h4>\n\n\n\n<p class=\"has-text-align-center is-layout-flow wp-block-paragraph-is-layout-flow\">Da ich eine kassen\u00e4rztliche Zulassung habe, \u00fcbernimmt die Krankenkasse bei gesetzlich Versicherten nach Antragstellung und Genehmigung der Psychotherapie die Kosten f\u00fcr die Sitzungen. Die Sprechstunden und die probatorischen Sitzungen werden ohne Antragstellung und ohne eine Kostenzusage f\u00fcr die ambulante Psychotherapie zu haben, erstattet. Sie k\u00f6nnen also ohne vorherigen b\u00fcrokratischem Aufwand mit diesen Terminen starten.<\/p>\n<\/div>\n<\/div>\n\n\n\n<div class=\"wp-block-group alignwide has-global-padding is-layout-constrained wp-container-core-group-layout-4 wp-block-group-is-layout-constrained\" style=\"padding-bottom:var(--wp--preset--spacing--10)\">\n<div class=\"wp-block-group is-vertical is-content-justification-center is-layout-flex wp-container-core-group-layout-3 wp-block-group-is-layout-flex\">\n<h4 class=\"wp-block-heading has-text-align-center is-style-default has-text-color has-link-color wp-elements-2e960754d795774ac0d9558481f34f38\" style=\"color:#1d3011\">F\u00fcr alle \u00fcbrigen Leistungen gelten folgende Kosten:<\/h4>\n\n\n\n<p class=\"has-text-align-center is-layout-flow wp-block-paragraph-is-layout-flow\">Unabh\u00e4ngig von der Art der Versicherung und der in Anspruch genommenen Leistung, stelle ich Ihnen die stattgefundenen psychotherapeutischen Sitzungen gem\u00e4\u00df der GOP\/GO\u00c4 (siehe Geb\u00fchrenordnung f\u00fcr Psychotherapeuten bzw. f\u00fcr \u00c4rzte) mit dem 2,3- bis 3,5-fachen Steigerungssatz monatlich in Rechnung.<\/p>\n<\/div>\n<\/div>\n\n\n\n<div class=\"wp-block-group alignwide has-global-padding is-layout-constrained wp-container-core-group-layout-6 wp-block-group-is-layout-constrained\" style=\"padding-bottom:var(--wp--preset--spacing--10)\">\n<div class=\"wp-block-group is-vertical is-content-justification-center is-layout-flex wp-container-core-group-layout-5 wp-block-group-is-layout-flex\">\n<h4 class=\"wp-block-heading has-text-align-center is-style-default has-text-color has-link-color wp-elements-5f5db0ae4dc9afee20b049e21242a81c\" style=\"color:#1d3011\">Private Krankenversicherungen<\/h4>\n\n\n\n<p class=\"has-text-align-center is-layout-flow wp-block-paragraph-is-layout-flow\">Auch hier \u00fcbernimmt die Versicherung in der Regel bei approbierten Psychologischen Psychotherapeuten die Kosten f\u00fcr eine ambulante Psychotherapie. Die Probatorik (also f\u00fcnf Sitzungen) werden ohne Antrag erstattet. Da der Umfang der Leistungen f\u00fcr eine Psychotherapie je nach individuellen Vertragsbedingungen, die Sie mit Ihrer Krankenversicherung abgeschlossen haben, variieren kann, sollten Sie sich vor Beginn der ambulanten Psychotherapie erkundigen, ob und wenn ja, in welchem Umfang Sitzungen erstattet werden. Bitte erkundigen Sie sich vorab, ob bei Ihrer Versicherung bestimmte Vordrucke oder Formulare f\u00fcr die Antragstellung erforderlich sind. Die Rechnung ist wie \u00fcblich bei Privatpatient*innen zun\u00e4chst privat zu bezahlen und kann bei der Krankenversicherung zur Kostenr\u00fcckerstattung eingereicht werden.<\/p>\n<\/div>\n<\/div>\n\n\n\n<div class=\"wp-block-group alignwide has-global-padding is-layout-constrained wp-container-core-group-layout-8 wp-block-group-is-layout-constrained\" style=\"padding-bottom:var(--wp--preset--spacing--10)\">\n<div class=\"wp-block-group is-vertical is-content-justification-center is-layout-flex wp-container-core-group-layout-7 wp-block-group-is-layout-flex\">\n<h4 class=\"wp-block-heading has-text-align-center is-style-default has-text-color has-link-color wp-elements-517861887ed02508d6e05df52103d36a\" style=\"color:#1d3011\">Beihilfestellen<\/h4>\n\n\n\n<p class=\"has-text-align-center is-layout-flow wp-block-paragraph-is-layout-flow\">Psychotherapie ist beihilfef\u00e4hig. Bitte fordern Sie zur Antragstellung bei Ihrer zust\u00e4ndigen Beihilfestelle die Formbl\u00e4tter an oder laden Sie diese einfach selbst herunter. Sobald wir den Antrag auf Psychotherapie stellen m\u00f6chten, bringen Sie diese zur Sitzung mit. Dies verhindert unn\u00f6tige Antragspausen zwischen den probatorischen Sitzungen (also den ersten f\u00fcnf Sitzungen, die ohne Antrag erstattet werden) und dem Beginn der eigentlichen Psychotherapie. In der Regel erstattet die Beihilfestelle nach einer ausf\u00fchrlichen Antragstellung durch die Psychotherapeutin 40 Sitzungen problemlos. Teilweise kann es vorkommen, dass der Gutachter, der den Antrag im Auftrag der Beilhilfe genehmigt, nicht den vollen Satz bef\u00fcrwortet. In diesen F\u00e4llen entsteht trotz Kosten\u00fcbernahme durch Ihre privater Krankenkasse und die Beihilfestelle eine Zuzahlung.<\/p>\n<\/div>\n<\/div>\n\n\n\n<div class=\"wp-block-group alignwide has-global-padding is-layout-constrained wp-container-core-group-layout-10 wp-block-group-is-layout-constrained\" style=\"padding-bottom:var(--wp--preset--spacing--10)\">\n<div class=\"wp-block-group is-vertical is-content-justification-center is-layout-flex wp-container-core-group-layout-9 wp-block-group-is-layout-flex\">\n<h4 class=\"wp-block-heading has-text-align-center is-style-default has-text-color has-link-color wp-elements-48e238fc7c9666619d501128d9f22a4c\" style=\"color:#1d3011\">Selbstzahler<\/h4>\n\n\n\n<p class=\"has-text-align-center is-layout-flow wp-block-paragraph-is-layout-flow\">Wenn Sie aus pers\u00f6nlichen Gr\u00fcnden die Kosten f\u00fcr Psychotherapie selbst tragen m\u00f6chten, stelle ich Ihnen wie bei Privatversicherten gem\u00e4\u00df der GOP\/GO\u00c4 (siehe Geb\u00fchrenordnung f\u00fcr Psychotherapeuten bzw. f\u00fcr \u00c4rzte) den 2,3- bis 3,5-fachen Steigerungssatz monatlich in Rechnung. Diese Kosten k\u00f6nnen Sie steuerlich absetzen. Als Selbstzahler*in sind Sie frei von b\u00fcrokratischen Antragstellungen oder Leistungseinschr\u00e4nkungen. Rahmenbedingungen (Sitzungsl\u00e4nge, Rhythmus und Anzahl der Sitzungen) k\u00f6nnen individuell besprochen und festgelegt werden.<\/p>\n<\/div>\n<\/div>\n\n\n\n<div class=\"wp-block-group alignwide has-global-padding is-layout-constrained wp-container-core-group-layout-12 wp-block-group-is-layout-constrained\">\n<div class=\"wp-block-group is-vertical is-content-justification-center is-layout-flex wp-container-core-group-layout-11 wp-block-group-is-layout-flex\">\n<h4 class=\"wp-block-heading has-text-align-center is-style-default has-text-color has-link-color wp-elements-f6aa95ff1cdc576bb54f2dff748e4500\" style=\"color:#1d3011\">Supervision, Coaching, Beratung<\/h4>\n\n\n\n<p class=\"has-text-align-center is-layout-flow wp-block-paragraph-is-layout-flow\">Diese Leistungen sind keine Heilbehandlung, somit keine Leistungen der Krankenversicherung. Die Kosten werden Ihnen privat in Rechnung gestellt. Sie sind steuerlich absetzbar.<\/p>\n<\/div>\n<\/div>\n<\/div>\n","protected":false},"excerpt":{"rendered":"<p>Gesetzliche Krankenversicherung Da ich eine kassen\u00e4rztliche Zulassung habe, \u00fcbernimmt die Krankenkasse bei gesetzlich Versicherten nach Antragstellung und Genehmigung der Psychotherapie die Kosten f\u00fcr die Sitzungen. Die Sprechstunden und die probatorischen Sitzungen werden ohne Antragstellung und ohne eine Kostenzusage f\u00fcr die ambulante Psychotherapie zu haben, erstattet. Sie k\u00f6nnen also ohne vorherigen b\u00fcrokratischem Aufwand mit diesen Terminen [&hellip;]<\/p>\n","protected":false},"author":1,"featured_media":0,"parent":0,"menu_order":0,"comment_status":"closed","ping_status":"closed","template":"","meta":{"footnotes":""},"_links":{"self":[{"href":"https:\/\/kerstinroes.de\/index.php\/wp-json\/wp\/v2\/pages\/353"}],"collection":[{"href":"https:\/\/kerstinroes.de\/index.php\/wp-json\/wp\/v2\/pages"}],"about":[{"href":"https:\/\/kerstinroes.de\/index.php\/wp-json\/wp\/v2\/types\/page"}],"author":[{"embeddable":true,"href":"https:\/\/kerstinroes.de\/index.php\/wp-json\/wp\/v2\/users\/1"}],"replies":[{"embeddable":true,"href":"https:\/\/kerstinroes.de\/index.php\/wp-json\/wp\/v2\/comments?post=353"}],"version-history":[{"count":5,"href":"https:\/\/kerstinroes.de\/index.php\/wp-json\/wp\/v2\/pages\/353\/revisions"}],"predecessor-version":[{"id":385,"href":"https:\/\/kerstinroes.de\/index.php\/wp-json\/wp\/v2\/pages\/353\/revisions\/385"}],"wp:attachment":[{"href":"https:\/\/kerstinroes.de\/index.php\/wp-json\/wp\/v2\/media?parent=353"}],"curies":[{"name":"wp","href":"https:\/\/api.w.org\/{rel}","templated":true}]}}