{"id":357,"date":"2024-04-29T21:40:10","date_gmt":"2024-04-29T19:40:10","guid":{"rendered":"https:\/\/kerstinroes.de\/?page_id=357"},"modified":"2024-04-29T22:55:12","modified_gmt":"2024-04-29T20:55:12","slug":"ablauf","status":"publish","type":"page","link":"https:\/\/kerstinroes.de\/index.php\/ablauf\/","title":{"rendered":"Ablauf"},"content":{"rendered":"\n<div class=\"wp-block-group alignfull has-global-padding is-layout-constrained wp-block-group-is-layout-constrained\" style=\"margin-top:0;margin-bottom:0;padding-top:var(--wp--preset--spacing--30);padding-right:var(--wp--preset--spacing--50);padding-bottom:var(--wp--preset--spacing--30);padding-left:var(--wp--preset--spacing--50)\">\n<div class=\"wp-block-group alignwide has-global-padding is-layout-constrained wp-container-core-group-layout-2 wp-block-group-is-layout-constrained\">\n<div class=\"wp-block-group is-vertical is-content-justification-center is-layout-flex wp-container-core-group-layout-1 wp-block-group-is-layout-flex\">\n<p class=\"has-text-align-center\">Wenn Sie sich f\u00fcr eine Behandlung bei mir interessieren, k\u00f6nnen Sie sich vorzugsweise per Mail oder telefonisch bei mir melden. Im anschlie\u00dfenden pers\u00f6nlichen Gespr\u00e4ch, k\u00f6nnen Sie sich einen ersten Eindruck von mir machen. Gemeinsam kl\u00e4ren wir, ob f\u00fcr Sie eine therapeutische Begleitung oder einzelne Coaching bzw. Supervisionsstunden in Frage kommt. Bei der Psychotherapie sind die Zeitkontingente festgelegt. Nach maximal drei Sprechstunden und zwei bis vier sogenannten probatorischen Sitzungen, k\u00f6nnen Sie entscheiden, ob Sie sich eine Zusammenarbeit mit mir vorstellen k\u00f6nnen. Eine vertrauensvolle und tragf\u00e4hige Beziehung zwischen Klient*in und Therapeutin ist die Voraussetzung f\u00fcr eine erfolgreiche Therapie.<\/p>\n\n\n\n<p class=\"has-text-align-center\">In der Probatorik wird Ihre Problematik genauer erfasst. Neben der vertrauensvollen durch Verst\u00e4ndnis gepr\u00e4gten Beziehung ist eine konkrete Zielerfassung f\u00fcr den Therapieerfolg wichtig. Daher m\u00f6chte ich mir ein genaues Bild von Ihren Zielen f\u00fcr unsere gemeinsame Arbeit machen. Am liebsten m\u00f6chte ich, dass davon vor meinem inneren Auge ein kleiner Film entsteht, so dass ich Sie bestm\u00f6glich unterst\u00fctzen kann und sicher bin, dass wir gemeinsam an einem Strang ziehen. Die Probatorik kann dar\u00fcber hinaus bereits dazu genutzt werden L\u00f6sungswege zu erarbeiten. Am Ende der Probatorik stellen wir einen Therapieantrag. Bei einer Beratung oder einer Supervision wird kein Antrag gestellt. <\/p>\n\n\n\n<p class=\"has-text-align-center\">In der Regel dauert eine Psychotherapie bei einer Sitzung pro Woche ein bis eineinhalb Jahre und umfasst vierundzwanzig bis maximal achtzig Sitzungen. Dabei richten sich die Dauer und der Ablauf der Therapie nach Ihren pers\u00f6nlichen Bed\u00fcrfnissen, Ihrer individuellen Zielsetzung und der Indikation sowie der organisatorischen Rahmenbedingung (z. B. dem Versicherungstarif bei Privatversicherten). Angeh\u00f6rige k\u00f6nnen auf Wunsch eingeladen werden und gelegentlich in den Therapieprozess einbezogen werden.<\/p>\n<\/div>\n<\/div>\n<\/div>\n","protected":false},"excerpt":{"rendered":"<p>Wenn Sie sich f\u00fcr eine Behandlung bei mir interessieren, k\u00f6nnen Sie sich vorzugsweise per Mail oder telefonisch bei mir melden. Im anschlie\u00dfenden pers\u00f6nlichen Gespr\u00e4ch, k\u00f6nnen Sie sich einen ersten Eindruck von mir machen. Gemeinsam kl\u00e4ren wir, ob f\u00fcr Sie eine therapeutische Begleitung oder einzelne Coaching bzw. Supervisionsstunden in Frage kommt. Bei der Psychotherapie sind die [&hellip;]<\/p>\n","protected":false},"author":1,"featured_media":0,"parent":0,"menu_order":0,"comment_status":"closed","ping_status":"closed","template":"","meta":{"footnotes":""},"_links":{"self":[{"href":"https:\/\/kerstinroes.de\/index.php\/wp-json\/wp\/v2\/pages\/357"}],"collection":[{"href":"https:\/\/kerstinroes.de\/index.php\/wp-json\/wp\/v2\/pages"}],"about":[{"href":"https:\/\/kerstinroes.de\/index.php\/wp-json\/wp\/v2\/types\/page"}],"author":[{"embeddable":true,"href":"https:\/\/kerstinroes.de\/index.php\/wp-json\/wp\/v2\/users\/1"}],"replies":[{"embeddable":true,"href":"https:\/\/kerstinroes.de\/index.php\/wp-json\/wp\/v2\/comments?post=357"}],"version-history":[{"count":3,"href":"https:\/\/kerstinroes.de\/index.php\/wp-json\/wp\/v2\/pages\/357\/revisions"}],"predecessor-version":[{"id":387,"href":"https:\/\/kerstinroes.de\/index.php\/wp-json\/wp\/v2\/pages\/357\/revisions\/387"}],"wp:attachment":[{"href":"https:\/\/kerstinroes.de\/index.php\/wp-json\/wp\/v2\/media?parent=357"}],"curies":[{"name":"wp","href":"https:\/\/api.w.org\/{rel}","templated":true}]}}