{"id":392,"date":"2024-04-29T23:10:06","date_gmt":"2024-04-29T21:10:06","guid":{"rendered":"https:\/\/kerstinroes.de\/?page_id=392"},"modified":"2024-05-21T16:23:52","modified_gmt":"2024-05-21T14:23:52","slug":"praxis","status":"publish","type":"page","link":"https:\/\/kerstinroes.de\/index.php\/praxis\/","title":{"rendered":"Praxis"},"content":{"rendered":"\n<p class=\"has-text-align-center\">Wenn Sie m\u00f6chten, begr\u00fc\u00dfe ich Sie gerne in meinem Praxisraum, Kaiserstra\u00dfe 5a in 60311 Frankfurt. Die R\u00e4umlichkeiten befinden sich im f\u00fcnften Stock und sind mit dem Aufzug erreichbar.<\/p>\n\n\n\n<p class=\"has-text-align-center\">Ich arbeite in einem Team von erfahrenen unterschiedlich spezialisierten<br>Kollegen aus den Bereichen Psychotherapie, Psychiatrie, Coaching und<br>Mediation, die jeweils selbst\u00e4ndig und unabh\u00e4ngig voneinander auf Basis<br>modernster, wissenschaftlich fundierter Methoden t\u00e4tig sind.<\/p>\n\n\n\n<div class=\"wp-block-group alignwide has-global-padding is-layout-constrained wp-block-group-is-layout-constrained\">\n<div class=\"alignnormal\"><div id=\"metaslider-id-431\" style=\"width: 100%;\" class=\"ml-slider-3-70-2 metaslider metaslider-flex metaslider-431 ml-slider ms-theme-default nav-hidden\" role=\"region\" aria-roledescription=\"Slideshow\" aria-label=\"New Slideshow\">\n    <div id=\"metaslider_container_431\">\n        <div id=\"metaslider_431\">\n            <ul aria-live=\"polite\" class=\"slides\">\n                <li style=\"display: none; width: 100%;\" class=\"slide-432 ms-image \" aria-roledescription=\"slide\" aria-label=\"slide-432\"><img loading=\"lazy\" decoding=\"async\" src=\"https:\/\/kerstinroes.de\/wp-content\/uploads\/2024\/04\/IMG_2724-rotated-480x280.jpg\" height=\"1400\" width=\"2400\" alt=\"\" class=\"slider-431 slide-432\" \/><\/li>\n                <li style=\"display: none; width: 100%;\" class=\"slide-433 ms-image \" aria-roledescription=\"slide\" aria-label=\"slide-433\"><img loading=\"lazy\" decoding=\"async\" src=\"https:\/\/kerstinroes.de\/wp-content\/uploads\/2024\/04\/20240427_144253-scaled-e1717503208877-1920x1120.jpg\" height=\"1400\" width=\"2400\" alt=\"\" class=\"slider-431 slide-433\" \/><\/li>\n                <li style=\"display: none; width: 100%;\" class=\"slide-472 ms-image \" aria-roledescription=\"slide\" aria-label=\"slide-472\"><img loading=\"lazy\" decoding=\"async\" src=\"https:\/\/kerstinroes.de\/wp-content\/uploads\/2024\/05\/20240430_152940-scaled-1920x1120.jpg\" height=\"1400\" width=\"2400\" alt=\"\" class=\"slider-431 slide-472\" \/><\/li>\n                <li style=\"display: none; width: 100%;\" class=\"slide-473 ms-image \" aria-roledescription=\"slide\" aria-label=\"slide-473\"><img loading=\"lazy\" decoding=\"async\" src=\"https:\/\/kerstinroes.de\/wp-content\/uploads\/2024\/05\/20240503_163736-1-scaled-1920x1120.jpg\" height=\"1400\" width=\"2400\" alt=\"\" class=\"slider-431 slide-473\" \/><\/li>\n                <li style=\"display: none; width: 100%;\" class=\"slide-474 ms-image \" aria-roledescription=\"slide\" aria-label=\"slide-474\"><img loading=\"lazy\" decoding=\"async\" src=\"https:\/\/kerstinroes.de\/wp-content\/uploads\/2024\/05\/20240430_150943-scaled-2400x1400.jpg\" height=\"1400\" width=\"2400\" alt=\"\" class=\"slider-431 slide-474\" \/><\/li>\n            <\/ul>\n        <\/div>\n        \n    <\/div>\n<\/div><\/div>\n<\/div>\n","protected":false},"excerpt":{"rendered":"<p>Wenn Sie m\u00f6chten, begr\u00fc\u00dfe ich Sie gerne in meinem Praxisraum, Kaiserstra\u00dfe 5a in 60311 Frankfurt. Die R\u00e4umlichkeiten befinden sich im f\u00fcnften Stock und sind mit dem Aufzug erreichbar. Ich arbeite in einem Team von erfahrenen unterschiedlich spezialisiertenKollegen aus den Bereichen Psychotherapie, Psychiatrie, Coaching undMediation, die jeweils selbst\u00e4ndig und unabh\u00e4ngig voneinander auf Basismodernster, wissenschaftlich fundierter Methoden [&hellip;]<\/p>\n","protected":false},"author":1,"featured_media":0,"parent":0,"menu_order":0,"comment_status":"closed","ping_status":"closed","template":"","meta":{"footnotes":""},"_links":{"self":[{"href":"https:\/\/kerstinroes.de\/index.php\/wp-json\/wp\/v2\/pages\/392"}],"collection":[{"href":"https:\/\/kerstinroes.de\/index.php\/wp-json\/wp\/v2\/pages"}],"about":[{"href":"https:\/\/kerstinroes.de\/index.php\/wp-json\/wp\/v2\/types\/page"}],"author":[{"embeddable":true,"href":"https:\/\/kerstinroes.de\/index.php\/wp-json\/wp\/v2\/users\/1"}],"replies":[{"embeddable":true,"href":"https:\/\/kerstinroes.de\/index.php\/wp-json\/wp\/v2\/comments?post=392"}],"version-history":[{"count":7,"href":"https:\/\/kerstinroes.de\/index.php\/wp-json\/wp\/v2\/pages\/392\/revisions"}],"predecessor-version":[{"id":491,"href":"https:\/\/kerstinroes.de\/index.php\/wp-json\/wp\/v2\/pages\/392\/revisions\/491"}],"wp:attachment":[{"href":"https:\/\/kerstinroes.de\/index.php\/wp-json\/wp\/v2\/media?parent=392"}],"curies":[{"name":"wp","href":"https:\/\/api.w.org\/{rel}","templated":true}]}}