{"id":410,"date":"2024-05-06T20:11:39","date_gmt":"2024-05-06T18:11:39","guid":{"rendered":"https:\/\/kerstinroes.de\/?page_id=410"},"modified":"2024-06-04T14:14:41","modified_gmt":"2024-06-04T12:14:41","slug":"gruppentherapie","status":"publish","type":"page","link":"https:\/\/kerstinroes.de\/index.php\/gruppentherapie\/","title":{"rendered":"Gruppentherapie"},"content":{"rendered":"\n<div class=\"wp-block-group alignfull has-global-padding is-layout-constrained wp-block-group-is-layout-constrained\" style=\"padding-top:0;padding-right:var(--wp--preset--spacing--50);padding-bottom:0;padding-left:var(--wp--preset--spacing--50)\">\n<div class=\"wp-block-columns alignwide is-layout-flex wp-container-core-columns-layout-1 wp-block-columns-is-layout-flex\" style=\"margin-top:0;margin-bottom:0\">\n<div class=\"wp-block-column is-layout-flow wp-container-core-column-layout-1 wp-block-column-is-layout-flow\">\n<figure class=\"wp-block-image size-large\"><img loading=\"lazy\" decoding=\"async\" width=\"1024\" height=\"865\" src=\"https:\/\/kerstinroes.de\/wp-content\/uploads\/2024\/04\/20240427_144253-scaled-e1717503208877-1024x865.jpg\" alt=\"\" class=\"wp-image-391\" srcset=\"https:\/\/kerstinroes.de\/wp-content\/uploads\/2024\/04\/20240427_144253-scaled-e1717503208877-1024x865.jpg 1024w, https:\/\/kerstinroes.de\/wp-content\/uploads\/2024\/04\/20240427_144253-scaled-e1717503208877-300x253.jpg 300w, https:\/\/kerstinroes.de\/wp-content\/uploads\/2024\/04\/20240427_144253-scaled-e1717503208877-768x648.jpg 768w, https:\/\/kerstinroes.de\/wp-content\/uploads\/2024\/04\/20240427_144253-scaled-e1717503208877-1536x1297.jpg 1536w, https:\/\/kerstinroes.de\/wp-content\/uploads\/2024\/04\/20240427_144253-scaled-e1717503208877.jpg 1920w\" sizes=\"(max-width: 1024px) 100vw, 1024px\" \/><\/figure>\n<\/div>\n\n\n\n<div class=\"wp-block-column is-layout-flow wp-container-core-column-layout-2 wp-block-column-is-layout-flow\" style=\"padding-top:0\">\n<p>Die Gruppentherapie ist eine gemeinsame Behandlung von drei bis neun Patient*innen und hat u. a. das Ziel in besonderer Weise Ihre Ressourcen als Teilnehmer*innen anzusprechen (Beobachtungslernen). Die soziale Gruppendynamik wird dabei genutzt, um individuelle Therapieziele zu erreichen. Durch gew\u00fcnschte gegenseitige R\u00fcckmeldungen lernen Sie, Ihre Situation aus verschiedenen Perspektiven zu betrachten und neue L\u00f6sungen zu finden. Da ich \u00fcber eine Gruppenzulassung verf\u00fcge, \u00fcbernimmt die gesetzliche Krankenkasse die Kosten f\u00fcr die Gruppenpsychotherapie.<\/p>\n<\/div>\n<\/div>\n<\/div>\n","protected":false},"excerpt":{"rendered":"<p>Die Gruppentherapie ist eine gemeinsame Behandlung von drei bis neun Patient*innen und hat u. a. das Ziel in besonderer Weise Ihre Ressourcen als Teilnehmer*innen anzusprechen (Beobachtungslernen). Die soziale Gruppendynamik wird dabei genutzt, um individuelle Therapieziele zu erreichen. Durch gew\u00fcnschte gegenseitige R\u00fcckmeldungen lernen Sie, Ihre Situation aus verschiedenen Perspektiven zu betrachten und neue L\u00f6sungen zu finden. [&hellip;]<\/p>\n","protected":false},"author":1,"featured_media":0,"parent":0,"menu_order":0,"comment_status":"closed","ping_status":"closed","template":"","meta":{"footnotes":""},"_links":{"self":[{"href":"https:\/\/kerstinroes.de\/index.php\/wp-json\/wp\/v2\/pages\/410"}],"collection":[{"href":"https:\/\/kerstinroes.de\/index.php\/wp-json\/wp\/v2\/pages"}],"about":[{"href":"https:\/\/kerstinroes.de\/index.php\/wp-json\/wp\/v2\/types\/page"}],"author":[{"embeddable":true,"href":"https:\/\/kerstinroes.de\/index.php\/wp-json\/wp\/v2\/users\/1"}],"replies":[{"embeddable":true,"href":"https:\/\/kerstinroes.de\/index.php\/wp-json\/wp\/v2\/comments?post=410"}],"version-history":[{"count":5,"href":"https:\/\/kerstinroes.de\/index.php\/wp-json\/wp\/v2\/pages\/410\/revisions"}],"predecessor-version":[{"id":547,"href":"https:\/\/kerstinroes.de\/index.php\/wp-json\/wp\/v2\/pages\/410\/revisions\/547"}],"wp:attachment":[{"href":"https:\/\/kerstinroes.de\/index.php\/wp-json\/wp\/v2\/media?parent=410"}],"curies":[{"name":"wp","href":"https:\/\/api.w.org\/{rel}","templated":true}]}}