{"id":412,"date":"2024-05-06T20:29:20","date_gmt":"2024-05-06T18:29:20","guid":{"rendered":"https:\/\/kerstinroes.de\/?page_id=412"},"modified":"2024-05-21T14:17:40","modified_gmt":"2024-05-21T12:17:40","slug":"einzeltherapie","status":"publish","type":"page","link":"https:\/\/kerstinroes.de\/index.php\/einzeltherapie\/","title":{"rendered":"Einzeltherapie"},"content":{"rendered":"\n<div class=\"wp-block-group alignfull has-global-padding is-layout-constrained wp-block-group-is-layout-constrained\" style=\"padding-top:0;padding-right:var(--wp--preset--spacing--50);padding-bottom:0;padding-left:var(--wp--preset--spacing--50)\">\n<div class=\"wp-block-columns alignwide is-layout-flex wp-container-core-columns-layout-1 wp-block-columns-is-layout-flex\" style=\"margin-top:0;margin-bottom:0\">\n<div class=\"wp-block-column is-layout-flow wp-container-core-column-layout-1 wp-block-column-is-layout-flow\">\n<figure class=\"wp-block-image size-large\"><img loading=\"lazy\" decoding=\"async\" width=\"1024\" height=\"768\" src=\"https:\/\/kerstinroes.de\/wp-content\/uploads\/2024\/05\/20240430_150943-1024x768.jpg\" alt=\"\" class=\"wp-image-470\" srcset=\"https:\/\/kerstinroes.de\/wp-content\/uploads\/2024\/05\/20240430_150943-1024x768.jpg 1024w, https:\/\/kerstinroes.de\/wp-content\/uploads\/2024\/05\/20240430_150943-300x225.jpg 300w, https:\/\/kerstinroes.de\/wp-content\/uploads\/2024\/05\/20240430_150943-768x576.jpg 768w, https:\/\/kerstinroes.de\/wp-content\/uploads\/2024\/05\/20240430_150943-1536x1152.jpg 1536w, https:\/\/kerstinroes.de\/wp-content\/uploads\/2024\/05\/20240430_150943-2048x1536.jpg 2048w\" sizes=\"(max-width: 1024px) 100vw, 1024px\" \/><\/figure>\n<\/div>\n\n\n\n<div class=\"wp-block-column is-layout-flow wp-container-core-column-layout-2 wp-block-column-is-layout-flow\" style=\"padding-top:0\">\n<p class=\"has-medium-font-size\">Jeder Mensch kann belastende Erfahrungen machen oder in schwierige Lebensumst\u00e4nde geraten, mit denen er alleine nicht fertig wird. In diesen F\u00e4llen kann eine professionelle Unterst\u00fctzung in Form eine Einzeltherapie hilfreich sein. Therapeut*in und Patient*in arbeiten dann gemeinsam am Verst\u00e4ndnis der Problematik, definieren Ziele und erarbeiten L\u00f6sungen. Die Einzeltherapie-Sitzungen finden im Gegensatz zur Gruppentherapie ausschlie\u00dflich zwischen der oder dem Patient*in und der Therapeutin statt, sozusagen \u201eunter vier Augen\u201c.<span style=\"font-size:11.0pt;line-height:115%;\nfont-family:&quot;Calibri&quot;,sans-serif;mso-ascii-theme-font:minor-latin;mso-fareast-font-family:\nCalibri;mso-fareast-theme-font:minor-latin;mso-hansi-theme-font:minor-latin;\nmso-bidi-font-family:&quot;Times New Roman&quot;;mso-bidi-theme-font:minor-bidi;\nmso-ansi-language:DE;mso-fareast-language:EN-US;mso-bidi-language:AR-SA\"> <\/span><\/p>\n<\/div>\n<\/div>\n<\/div>\n","protected":false},"excerpt":{"rendered":"<p>Jeder Mensch kann belastende Erfahrungen machen oder in schwierige Lebensumst\u00e4nde geraten, mit denen er alleine nicht fertig wird. In diesen F\u00e4llen kann eine professionelle Unterst\u00fctzung in Form eine Einzeltherapie hilfreich sein. Therapeut*in und Patient*in arbeiten dann gemeinsam am Verst\u00e4ndnis der Problematik, definieren Ziele und erarbeiten L\u00f6sungen. Die Einzeltherapie-Sitzungen finden im Gegensatz zur Gruppentherapie ausschlie\u00dflich zwischen [&hellip;]<\/p>\n","protected":false},"author":1,"featured_media":0,"parent":0,"menu_order":0,"comment_status":"closed","ping_status":"closed","template":"","meta":{"footnotes":""},"_links":{"self":[{"href":"https:\/\/kerstinroes.de\/index.php\/wp-json\/wp\/v2\/pages\/412"}],"collection":[{"href":"https:\/\/kerstinroes.de\/index.php\/wp-json\/wp\/v2\/pages"}],"about":[{"href":"https:\/\/kerstinroes.de\/index.php\/wp-json\/wp\/v2\/types\/page"}],"author":[{"embeddable":true,"href":"https:\/\/kerstinroes.de\/index.php\/wp-json\/wp\/v2\/users\/1"}],"replies":[{"embeddable":true,"href":"https:\/\/kerstinroes.de\/index.php\/wp-json\/wp\/v2\/comments?post=412"}],"version-history":[{"count":6,"href":"https:\/\/kerstinroes.de\/index.php\/wp-json\/wp\/v2\/pages\/412\/revisions"}],"predecessor-version":[{"id":475,"href":"https:\/\/kerstinroes.de\/index.php\/wp-json\/wp\/v2\/pages\/412\/revisions\/475"}],"wp:attachment":[{"href":"https:\/\/kerstinroes.de\/index.php\/wp-json\/wp\/v2\/media?parent=412"}],"curies":[{"name":"wp","href":"https:\/\/api.w.org\/{rel}","templated":true}]}}