{"id":416,"date":"2024-05-06T20:29:15","date_gmt":"2024-05-06T18:29:15","guid":{"rendered":"https:\/\/kerstinroes.de\/?page_id=416"},"modified":"2024-05-12T22:37:09","modified_gmt":"2024-05-12T20:37:09","slug":"supervision","status":"publish","type":"page","link":"https:\/\/kerstinroes.de\/index.php\/supervision\/","title":{"rendered":"Supervision"},"content":{"rendered":"\n<p class=\"has-text-align-center\">Supervision dient der kritischen Reflexion Ihres Handelns. Im Rahmen der Supervision lernen Einzelpersonen, Gruppen oder Organisationen ihr berufliches oder ehrenamtliches Handeln zu pr\u00fcfen und die Qualit\u00e4t ihrer Arbeit zu verbessern. Es ist m\u00f6glich, psychotherapeutische Elemente zu nutzen und die Abgrenzung zur Psychotherapie ist flie\u00dfend. Ich bin von verschiedenen staatlich anerkannten Einrichtungen als Supervisorin und Dozentin zugelassen (Institut f\u00fcr Fort- und Weiterbildung in Klinischer Verhaltenstherapie (IFKV Bad D\u00fcrkheim); Aus- und Weiterbildungseinrichtung f\u00fcr klinische Verhaltenstherapie (AWKV Friedrichsdorf), University of Applied Sciences (Frankfurt)).<\/p>\n\n\n\n<h4 class=\"wp-block-heading has-text-align-center\">Beratung<\/h4>\n\n\n\n<p class=\"has-text-align-center\">Psychologische Beratung dient der Erhaltung, Steigerung oder Wiederherstellung Ihres seelischen Wohlbefindens sowie der Bew\u00e4ltigung einer umgrenzten Problemsituation. Beratungsbedarf entsteht meist dann, wenn sich wichtige psychosoziale Faktoren im Leben ver\u00e4ndern und eine Anpassung an die neuen Umst\u00e4nde erforderlich ist. Im Gegensatz zur Psychotherapie handelt es sich nicht um die Behandlung einer psychischen Erkrankung.<\/p>\n","protected":false},"excerpt":{"rendered":"<p>Supervision dient der kritischen Reflexion Ihres Handelns. Im Rahmen der Supervision lernen Einzelpersonen, Gruppen oder Organisationen ihr berufliches oder ehrenamtliches Handeln zu pr\u00fcfen und die Qualit\u00e4t ihrer Arbeit zu verbessern. Es ist m\u00f6glich, psychotherapeutische Elemente zu nutzen und die Abgrenzung zur Psychotherapie ist flie\u00dfend. Ich bin von verschiedenen staatlich anerkannten Einrichtungen als Supervisorin und Dozentin [&hellip;]<\/p>\n","protected":false},"author":1,"featured_media":0,"parent":0,"menu_order":0,"comment_status":"closed","ping_status":"closed","template":"","meta":{"footnotes":""},"_links":{"self":[{"href":"https:\/\/kerstinroes.de\/index.php\/wp-json\/wp\/v2\/pages\/416"}],"collection":[{"href":"https:\/\/kerstinroes.de\/index.php\/wp-json\/wp\/v2\/pages"}],"about":[{"href":"https:\/\/kerstinroes.de\/index.php\/wp-json\/wp\/v2\/types\/page"}],"author":[{"embeddable":true,"href":"https:\/\/kerstinroes.de\/index.php\/wp-json\/wp\/v2\/users\/1"}],"replies":[{"embeddable":true,"href":"https:\/\/kerstinroes.de\/index.php\/wp-json\/wp\/v2\/comments?post=416"}],"version-history":[{"count":4,"href":"https:\/\/kerstinroes.de\/index.php\/wp-json\/wp\/v2\/pages\/416\/revisions"}],"predecessor-version":[{"id":457,"href":"https:\/\/kerstinroes.de\/index.php\/wp-json\/wp\/v2\/pages\/416\/revisions\/457"}],"wp:attachment":[{"href":"https:\/\/kerstinroes.de\/index.php\/wp-json\/wp\/v2\/media?parent=416"}],"curies":[{"name":"wp","href":"https:\/\/api.w.org\/{rel}","templated":true}]}}