{"id":51,"date":"2024-04-21T14:17:52","date_gmt":"2024-04-21T12:17:52","guid":{"rendered":"https:\/\/kerstinroes.de\/?page_id=51"},"modified":"2024-06-04T15:41:22","modified_gmt":"2024-06-04T13:41:22","slug":"ueber-mich","status":"publish","type":"page","link":"https:\/\/kerstinroes.de\/index.php\/ueber-mich\/","title":{"rendered":"\u00dcber Mich"},"content":{"rendered":"\n<div class=\"wp-block-group alignfull has-base-background-color has-background has-global-padding is-layout-constrained wp-block-group-is-layout-constrained\" style=\"margin-top:0;margin-bottom:0;padding-top:0;padding-right:0;padding-bottom:0;padding-left:0\">\n<div class=\"wp-block-group alignfull has-global-padding is-layout-constrained wp-block-group-is-layout-constrained\" style=\"margin-top:0;margin-bottom:0;padding-top:0;padding-right:0;padding-bottom:0;padding-left:0\">\n<div class=\"wp-block-group alignfull has-background has-global-padding is-layout-constrained wp-block-group-is-layout-constrained\" style=\"border-radius:24px;background:radial-gradient(rgba(228,240,235,0.53) 0%,rgba(228,240,235,0) 71%);margin-top:0;margin-bottom:0;padding-top:var(--wp--preset--spacing--30);padding-right:var(--wp--preset--spacing--60);padding-bottom:var(--wp--preset--spacing--30);padding-left:var(--wp--preset--spacing--60)\">\n<figure class=\"wp-block-image aligncenter size-full is-resized has-custom-border is-style-rounded\"><img loading=\"lazy\" decoding=\"async\" width=\"664\" height=\"664\" src=\"https:\/\/kerstinroes.de\/wp-content\/uploads\/2024\/04\/Roes8-1.jpg\" alt=\"\" class=\"wp-image-202\" style=\"border-style:none;border-width:0px;border-radius:600px;width:400px;height:auto\" srcset=\"https:\/\/kerstinroes.de\/wp-content\/uploads\/2024\/04\/Roes8-1.jpg 664w, https:\/\/kerstinroes.de\/wp-content\/uploads\/2024\/04\/Roes8-1-300x300.jpg 300w, https:\/\/kerstinroes.de\/wp-content\/uploads\/2024\/04\/Roes8-1-150x150.jpg 150w\" sizes=\"(max-width: 664px) 100vw, 664px\" \/><\/figure>\n<\/div>\n\n\n\n<div class=\"wp-block-group alignfull has-base-2-background-color has-background has-global-padding is-layout-constrained wp-block-group-is-layout-constrained\" style=\"margin-top:0;margin-bottom:0;padding-top:var(--wp--preset--spacing--30);padding-right:var(--wp--preset--spacing--50);padding-bottom:var(--wp--preset--spacing--30);padding-left:var(--wp--preset--spacing--50)\">\n<div class=\"wp-block-group is-vertical is-content-justification-center is-layout-flex wp-container-core-group-layout-2 wp-block-group-is-layout-flex\">\n<div style=\"height:0px\" aria-hidden=\"true\" class=\"wp-block-spacer wp-container-content-1\"><\/div>\n\n\n\n<p class=\"has-text-align-center\">Ich bin approbierte Psychotherapeutin mit Zusatzausbildung in Psychotraumatherapie und behandle das gesamte Spektrum psychischer St\u00f6rungen mit Schwerpunkten in den Bereichen Angstst\u00f6rungen, Depressionen, Anpassungsst\u00f6rungen in Folge psychosozialer Belastungen und Lebenskrisen, Posttraumatische Belastungsst\u00f6rungen und anhaltende Trauer, ADHS, Pers\u00f6nlichkeitsst\u00f6rungen und Abh\u00e4ngigkeitserkrankungen (keine Akutbehandlung).<\/p>\n<\/div>\n\n\n\n<p class=\"has-text-align-center\">Mein therapeutisches Vorgehen basiert auf wissenschaftlich fundierten Prinzipien der kognitiven Verhaltenstherapie, erg\u00e4nzt durch Methoden der klinischen Hypnotherapie, imaginativer und achtsamkeitsbasierter Verfahren. Genauso wichtig wie die Orientierung an wissenschaftlich belegten Verfahren und Methoden sind mir Ihre individuellen Bed\u00fcrfnisse. Neben der <a href=\"https:\/\/kerstinroes.de\/index.php\/einzeltherapie\/\" data-type=\"page\" data-id=\"412\">Einzeltherapie<\/a> biete ich <a href=\"https:\/\/kerstinroes.de\/index.php\/gruppentherapie\/\" data-type=\"page\" data-id=\"410\">Gruppentherapie<\/a>, <a href=\"https:\/\/kerstinroes.de\/index.php\/supervision\/\" data-type=\"page\" data-id=\"416\">Supervision und Beratung<\/a> an. Dar\u00fcber hinaus bin ich als Dozentin und Lehrtherapeutin an verschiedenen Instituten t\u00e4tig.<\/p>\n<\/div>\n\n\n\n<div class=\"wp-block-group alignfull has-global-padding is-layout-constrained wp-block-group-is-layout-constrained\" style=\"margin-top:0;margin-bottom:0;padding-top:var(--wp--preset--spacing--30);padding-right:var(--wp--preset--spacing--50);padding-bottom:var(--wp--preset--spacing--30);padding-left:var(--wp--preset--spacing--50)\">\n<h3 class=\"wp-block-heading has-text-align-center\">Berufsbezogene T\u00e4tigkeiten<\/h3>\n\n\n\n<ul>\n<li>Niedergelassen in eigener Praxis, Frankfurt am Main<\/li>\n\n\n\n<li>Teilzeit in der salus klinik und Teilselbstst\u00e4ndigkeit in Privatpraxis, Frankfurt<\/li>\n\n\n\n<li>Teamleitung und Supervisorin in der salus klinik Friedrichsdorf<\/li>\n\n\n\n<li>T\u00e4tigkeit als Psychotherapeutin in der salus klinik Friedrichsdorf<\/li>\n\n\n\n<li>Mitarbeit in der Verhaltenstherapie Ambulanz der Goetheuniversit\u00e4t, Frankfurt<\/li>\n\n\n\n<li>Ehrenamtliche T\u00e4tigkeit am Kinder- und Jugendtelefon<\/li>\n<\/ul>\n<\/div>\n\n\n\n<div class=\"wp-block-group alignfull has-base-2-background-color has-background has-global-padding is-layout-constrained wp-block-group-is-layout-constrained\" style=\"margin-top:0;margin-bottom:0;padding-top:var(--wp--preset--spacing--30);padding-right:var(--wp--preset--spacing--50);padding-bottom:var(--wp--preset--spacing--30);padding-left:var(--wp--preset--spacing--50)\">\n<h3 class=\"wp-block-heading has-text-align-center\">Fachliche Qualifikation<\/h3>\n\n\n\n<div class=\"wp-block-group is-vertical is-content-justification-center is-layout-flex wp-container-core-group-layout-5 wp-block-group-is-layout-flex\">\n<div style=\"height:0px\" aria-hidden=\"true\" class=\"wp-block-spacer wp-container-content-2\"><\/div>\n\n\n\n<ul>\n<li>Spezielle Psychotraumatherapie (DeGPT)<\/li>\n\n\n\n<li>Fachkundenachweis f\u00fcr Gruppentherapie und \u00fcbende Verfahren (Hypnose, PMR)<\/li>\n\n\n\n<li>Fachkunde f\u00fcr Verhaltenstherapie<\/li>\n\n\n\n<li>Weiterbildung und Anerkennung als Verhaltenstherapeutisch orientierte Supervisorin (IFKV, AWKV)<\/li>\n\n\n\n<li>Approbation als Psychogische Psychotherapeutin gem\u00e4\u00df \u00a7 2 Psychotherapeutengesetzt durch das hessische Landespr\u00fcfungs- und Untersuchungsamt im Gesundheitswesen, Frankfurt<\/li>\n\n\n\n<li>Weiterbildung zur Psychologischen Psychotherapeutin mit Schwerpunkt Verhaltenstherapie<\/li>\n\n\n\n<li>Studium der Psychologie mit dem Abschluss als Diplom-Psychologin<\/li>\n<\/ul>\n<\/div>\n<\/div>\n\n\n\n<div class=\"wp-block-group alignfull has-global-padding is-layout-constrained wp-block-group-is-layout-constrained\" style=\"margin-top:0;margin-bottom:0;padding-top:var(--wp--preset--spacing--30);padding-right:var(--wp--preset--spacing--50);padding-bottom:var(--wp--preset--spacing--30);padding-left:var(--wp--preset--spacing--50)\">\n<h3 class=\"wp-block-heading has-text-align-center\">Mitgliedschaften<\/h3>\n\n\n\n<p class=\"has-text-align-center\">Landeskammer f\u00fcr Psychologische Psychotherapeutinnen und \u2013therapeuten und Kinder- und Jugendlichenpsychotherapeutinnen und \u2013therapeuten Hessen (LPPKJP Hessen) \u2013 Gutenbergplatz 1, 65187 Wiesbaden, Tel. 0611 531618.<\/p>\n\n\n\n<p class=\"has-text-align-center\">Deutschsprachige Gesellschaft f\u00fcr Psychotraumatologie (DeGPT) \u2013 Sophie-von-La-Roche-Stra\u00dfe 4, 56077 Koblenz, Tel.: 0261 \/28742192<\/p>\n<\/div>\n<\/div>\n<\/div>\n","protected":false},"excerpt":{"rendered":"<p>Ich bin approbierte Psychotherapeutin mit Zusatzausbildung in Psychotraumatherapie und behandle das gesamte Spektrum psychischer St\u00f6rungen mit Schwerpunkten in den Bereichen Angstst\u00f6rungen, Depressionen, Anpassungsst\u00f6rungen in Folge psychosozialer Belastungen und Lebenskrisen, Posttraumatische Belastungsst\u00f6rungen und anhaltende Trauer, ADHS, Pers\u00f6nlichkeitsst\u00f6rungen und Abh\u00e4ngigkeitserkrankungen (keine Akutbehandlung). Mein therapeutisches Vorgehen basiert auf wissenschaftlich fundierten Prinzipien der kognitiven Verhaltenstherapie, erg\u00e4nzt durch Methoden der [&hellip;]<\/p>\n","protected":false},"author":1,"featured_media":0,"parent":0,"menu_order":0,"comment_status":"closed","ping_status":"closed","template":"","meta":{"footnotes":""},"_links":{"self":[{"href":"https:\/\/kerstinroes.de\/index.php\/wp-json\/wp\/v2\/pages\/51"}],"collection":[{"href":"https:\/\/kerstinroes.de\/index.php\/wp-json\/wp\/v2\/pages"}],"about":[{"href":"https:\/\/kerstinroes.de\/index.php\/wp-json\/wp\/v2\/types\/page"}],"author":[{"embeddable":true,"href":"https:\/\/kerstinroes.de\/index.php\/wp-json\/wp\/v2\/users\/1"}],"replies":[{"embeddable":true,"href":"https:\/\/kerstinroes.de\/index.php\/wp-json\/wp\/v2\/comments?post=51"}],"version-history":[{"count":45,"href":"https:\/\/kerstinroes.de\/index.php\/wp-json\/wp\/v2\/pages\/51\/revisions"}],"predecessor-version":[{"id":556,"href":"https:\/\/kerstinroes.de\/index.php\/wp-json\/wp\/v2\/pages\/51\/revisions\/556"}],"wp:attachment":[{"href":"https:\/\/kerstinroes.de\/index.php\/wp-json\/wp\/v2\/media?parent=51"}],"curies":[{"name":"wp","href":"https:\/\/api.w.org\/{rel}","templated":true}]}}